{"id":47,"date":"2025-02-04T10:27:00","date_gmt":"2025-02-04T09:27:00","guid":{"rendered":"https:\/\/leandrepiviercrousier.fr\/?page_id=47"},"modified":"2025-03-08T19:22:40","modified_gmt":"2025-03-08T18:22:40","slug":"conclusion","status":"publish","type":"page","link":"https:\/\/leandrepiviercrousier.fr\/?page_id=47","title":{"rendered":"5-Conclusion"},"content":{"rendered":"<p>[et_pb_section fb_built=&#8221;1&#8243; next_background_color=&#8221;#000000&#8243; _builder_version=&#8221;4.27.4&#8243; _module_preset=&#8221;default&#8221; background_color=&#8221;#64c1af&#8221; bottom_divider_style=&#8221;graph3&#8243; bottom_divider_height=&#8221;145px&#8221; global_colors_info=&#8221;{}&#8221;][et_pb_row _builder_version=&#8221;4.27.4&#8243; _module_preset=&#8221;default&#8221; global_colors_info=&#8221;{}&#8221;][et_pb_column type=&#8221;4_4&#8243; _builder_version=&#8221;4.27.4&#8243; _module_preset=&#8221;default&#8221; global_colors_info=&#8221;{}&#8221;][et_pb_text _builder_version=&#8221;4.27.4&#8243; _module_preset=&#8221;default&#8221; header_font=&#8221;|700|||on|on||#E02B20|&#8221; header_text_align=&#8221;center&#8221; header_font_size=&#8221;49px&#8221; global_colors_info=&#8221;{}&#8221;]<\/p>\n<h1>5 : Conclusion<\/h1>\n<p>[\/et_pb_text][\/et_pb_column][\/et_pb_row][\/et_pb_section][et_pb_section fb_built=&#8221;1&#8243; _builder_version=&#8221;4.27.4&#8243; _module_preset=&#8221;default&#8221; background_color=&#8221;#000000&#8243; global_colors_info=&#8221;{}&#8221;][et_pb_row column_structure=&#8221;2_5,3_5&#8243; _builder_version=&#8221;4.27.4&#8243; _module_preset=&#8221;default&#8221; global_colors_info=&#8221;{}&#8221;][et_pb_column type=&#8221;2_5&#8243; _builder_version=&#8221;4.27.4&#8243; _module_preset=&#8221;default&#8221; global_colors_info=&#8221;{}&#8221;][et_pb_image src=&#8221;http:\/\/leandrepiviercrousier.fr\/wp-content\/uploads\/2025\/02\/agence-copin-SPIRITUVIN-communication-vin-spiritueux-site-internet-domaine-viticole-scaled-1-scaled.jpg&#8221; title_text=&#8221;agence-copin-SPIRITUVIN-communication-vin-spiritueux-site-internet-domaine-viticole-scaled&#8221; _builder_version=&#8221;4.27.4&#8243; _module_preset=&#8221;default&#8221; custom_padding=&#8221;|0px||||&#8221; global_colors_info=&#8221;{}&#8221;][\/et_pb_image][\/et_pb_column][et_pb_column type=&#8221;3_5&#8243; _builder_version=&#8221;4.27.4&#8243; _module_preset=&#8221;default&#8221; global_colors_info=&#8221;{}&#8221;][et_pb_text _builder_version=&#8221;4.27.4&#8243; _module_preset=&#8221;default&#8221; hover_enabled=&#8221;0&#8243; global_colors_info=&#8221;{}&#8221; sticky_enabled=&#8221;0&#8243;]<\/p>\n<p data-start=\"0\" data-end=\"530\">Durant mon stage du 3 au 7 f\u00e9vrier 2025 au sein de l&#8217;agence COPIN, j&#8217;ai eu l&#8217;opportunit\u00e9 de plonger dans le monde professionnel de la communication et de mieux appr\u00e9hender son fonctionnement. Cette exp\u00e9rience a \u00e9t\u00e9 particuli\u00e8rement enrichissante, tant sur le plan des comp\u00e9tences techniques que sur celui de la d\u00e9couverte du travail en \u00e9quipe et de la gestion de projets. J&#8217;ai pu observer et participer \u00e0 diff\u00e9rentes missions, ce qui m&#8217;a permis de mieux comprendre les attentes et les exigences de ce secteur dynamique et cr\u00e9atif.<\/p>\n<p data-start=\"532\" data-end=\"887\">Au fil des jours, j\u2019ai d\u00e9velopp\u00e9 de nouvelles comp\u00e9tences, que ce soit dans l\u2019analyse des strat\u00e9gies de communication, l&#8217;utilisation d&#8217;outils sp\u00e9cifiques ou encore l&#8217;adaptation aux demandes des clients. Ce stage a renforc\u00e9 mon int\u00e9r\u00eat pour ce domaine et m\u2019a confort\u00e9 dans mon souhait de poursuivre mes \u00e9tudes et mon parcours professionnel dans cette voie.<\/p>\n<p>[\/et_pb_text][\/et_pb_column][\/et_pb_row][\/et_pb_section]<\/p>\n","protected":false},"excerpt":{"rendered":"<p>5 : ConclusionDurant mon stage du 3 au 7 f\u00e9vrier 2025 au sein de l&#8217;agence COPIN, j&#8217;ai eu l&#8217;opportunit\u00e9 de plonger dans le monde professionnel de la communication et de mieux appr\u00e9hender son fonctionnement. Cette exp\u00e9rience a \u00e9t\u00e9 particuli\u00e8rement enrichissante, tant sur le plan des comp\u00e9tences techniques que sur celui de la d\u00e9couverte du travail [&hellip;]<\/p>\n","protected":false},"author":1,"featured_media":0,"parent":0,"menu_order":0,"comment_status":"closed","ping_status":"closed","template":"","meta":{"_et_pb_use_builder":"on","_et_pb_old_content":"","_et_gb_content_width":"","footnotes":""},"class_list":["post-47","page","type-page","status-publish","hentry"],"_links":{"self":[{"href":"https:\/\/leandrepiviercrousier.fr\/index.php?rest_route=\/wp\/v2\/pages\/47","targetHints":{"allow":["GET"]}}],"collection":[{"href":"https:\/\/leandrepiviercrousier.fr\/index.php?rest_route=\/wp\/v2\/pages"}],"about":[{"href":"https:\/\/leandrepiviercrousier.fr\/index.php?rest_route=\/wp\/v2\/types\/page"}],"author":[{"embeddable":true,"href":"https:\/\/leandrepiviercrousier.fr\/index.php?rest_route=\/wp\/v2\/users\/1"}],"replies":[{"embeddable":true,"href":"https:\/\/leandrepiviercrousier.fr\/index.php?rest_route=%2Fwp%2Fv2%2Fcomments&post=47"}],"version-history":[{"count":7,"href":"https:\/\/leandrepiviercrousier.fr\/index.php?rest_route=\/wp\/v2\/pages\/47\/revisions"}],"predecessor-version":[{"id":257,"href":"https:\/\/leandrepiviercrousier.fr\/index.php?rest_route=\/wp\/v2\/pages\/47\/revisions\/257"}],"wp:attachment":[{"href":"https:\/\/leandrepiviercrousier.fr\/index.php?rest_route=%2Fwp%2Fv2%2Fmedia&parent=47"}],"curies":[{"name":"wp","href":"https:\/\/api.w.org\/{rel}","templated":true}]}}