{"id":35,"date":"2025-02-04T10:02:24","date_gmt":"2025-02-04T09:02:24","guid":{"rendered":"https:\/\/leandrepiviercrousier.fr\/?page_id=35"},"modified":"2025-03-10T21:49:27","modified_gmt":"2025-03-10T20:49:27","slug":"bilan-du-stage","status":"publish","type":"page","link":"https:\/\/leandrepiviercrousier.fr\/?page_id=35","title":{"rendered":"4-Bilan du stage"},"content":{"rendered":"<p>[et_pb_section fb_built=&#8221;1&#8243; next_background_color=&#8221;#000000&#8243; _builder_version=&#8221;4.27.4&#8243; _module_preset=&#8221;default&#8221; background_color=&#8221;#64c1af&#8221; bottom_divider_style=&#8221;graph3&#8243; global_colors_info=&#8221;{}&#8221;][et_pb_row _builder_version=&#8221;4.27.4&#8243; _module_preset=&#8221;default&#8221; global_colors_info=&#8221;{}&#8221;][et_pb_column type=&#8221;4_4&#8243; _builder_version=&#8221;4.27.4&#8243; _module_preset=&#8221;default&#8221; global_colors_info=&#8221;{}&#8221;][et_pb_text _builder_version=&#8221;4.27.4&#8243; _module_preset=&#8221;default&#8221; text_font=&#8221;Poppins|800||on|on|||#E02B20|&#8221; text_font_size=&#8221;36px&#8221; header_font_size=&#8221;44px&#8221; hover_enabled=&#8221;0&#8243; global_colors_info=&#8221;{}&#8221; header_font=&#8221;Poppins|700|||||||&#8221; sticky_enabled=&#8221;0&#8243;]<\/p>\n<h1 style=\"text-align: center;\">4 : Bilan du stage<\/h1>\n<p>[\/et_pb_text][\/et_pb_column][\/et_pb_row][\/et_pb_section][et_pb_section fb_built=&#8221;1&#8243; _builder_version=&#8221;4.27.4&#8243; _module_preset=&#8221;default&#8221; background_color=&#8221;#000000&#8243; global_colors_info=&#8221;{}&#8221;][et_pb_row column_structure=&#8221;1_2,1_2&#8243; _builder_version=&#8221;4.27.4&#8243; _module_preset=&#8221;default&#8221; global_colors_info=&#8221;{}&#8221;][et_pb_column type=&#8221;1_2&#8243; _builder_version=&#8221;4.27.4&#8243; _module_preset=&#8221;default&#8221; global_colors_info=&#8221;{}&#8221;][et_pb_toggle title=&#8221;Choix de l&#8217;entreprise&#8221; open_toggle_text_color=&#8221;#000000&#8243; open_toggle_background_color=&#8221;#E02B20&#8243; closed_toggle_text_color=&#8221;#000000&#8243; closed_toggle_background_color=&#8221;#E09900&#8243; toggle_icon=&#8221;&#x3f;||divi||400&#8243; open_toggle_icon=&#8221;&#xe01e;||divi||400&#8243; _builder_version=&#8221;4.27.4&#8243; _module_preset=&#8221;default&#8221; title_font=&#8221;Poppins|800||||on|||&#8221; title_text_align=&#8221;center&#8221; title_font_size=&#8221;31px&#8221; closed_title_font=&#8221;Poppins|700||||on|||&#8221; closed_title_font_size=&#8221;29px&#8221; text_orientation=&#8221;center&#8221; global_colors_info=&#8221;{}&#8221;]<\/p>\n<p>J&#8217;ai choisi ce stage un peu par hasard, en recherchant des entreprises dans le domaine qui m&#8217;int\u00e9ressait. C&#8217;est ainsi que j&#8217;ai d\u00e9couvert cette entreprise, qui a imm\u00e9diatement attir\u00e9 mon attention.\u00a0<\/p>\n<p>[\/et_pb_toggle][\/et_pb_column][et_pb_column type=&#8221;1_2&#8243; _builder_version=&#8221;4.27.4&#8243; _module_preset=&#8221;default&#8221; global_colors_info=&#8221;{}&#8221;][et_pb_toggle title=&#8221;Avis&#8221; open_toggle_text_color=&#8221;#000000&#8243; open_toggle_background_color=&#8221;#E02B20&#8243; closed_toggle_text_color=&#8221;#000000&#8243; closed_toggle_background_color=&#8221;#E09900&#8243; toggle_icon=&#8221;&#x3f;||divi||400&#8243; open_toggle_icon=&#8221;&#xe01e;||divi||400&#8243; _builder_version=&#8221;4.27.4&#8243; _module_preset=&#8221;default&#8221; title_font=&#8221;Poppins|800||||on|||&#8221; title_text_align=&#8221;center&#8221; title_font_size=&#8221;31px&#8221; closed_title_font=&#8221;Poppins|700||||on|||&#8221; closed_title_font_size=&#8221;29px&#8221; text_orientation=&#8221;center&#8221; global_colors_info=&#8221;{}&#8221;]<\/p>\n<p>Ce stage m&#8217;a beaucoup plus car au-del\u00e0 d&#8217;un stage d&#8217;observation, j&#8217;ai eu l&#8217;opportunit\u00e9 de m&#8217;impliquer concr\u00e8tement dans certaines t\u00e2ches, comme l&#8217;aide \u00e0 la cr\u00e9ation de logos aux c\u00f4t\u00e9s de mon ma\u00eetre de stage. J&#8217;ai \u00e9galement r\u00e9alis\u00e9 des travaux plus simples, tels que le r\u00e9pertoire de textes et la proposition de designs. Ce stage m&#8217;a permis de r\u00e9fl\u00e9chir \u00e0 une possible orientation professionnelle dans ce domaine.<\/p>\n<p>[\/et_pb_toggle][\/et_pb_column][\/et_pb_row][\/et_pb_section]<\/p>\n","protected":false},"excerpt":{"rendered":"<p>4 : Bilan du stageJ&#8217;ai choisi ce stage un peu par hasard, en recherchant des entreprises dans le domaine qui m&#8217;int\u00e9ressait. C&#8217;est ainsi que j&#8217;ai d\u00e9couvert cette entreprise, qui a imm\u00e9diatement attir\u00e9 mon attention.\u00a0Ce stage m&#8217;a beaucoup plus car au-del\u00e0 d&#8217;un stage d&#8217;observation, j&#8217;ai eu l&#8217;opportunit\u00e9 de m&#8217;impliquer concr\u00e8tement dans certaines t\u00e2ches, comme l&#8217;aide \u00e0 [&hellip;]<\/p>\n","protected":false},"author":1,"featured_media":0,"parent":0,"menu_order":0,"comment_status":"closed","ping_status":"closed","template":"","meta":{"_et_pb_use_builder":"on","_et_pb_old_content":"","_et_gb_content_width":"","footnotes":""},"class_list":["post-35","page","type-page","status-publish","hentry"],"_links":{"self":[{"href":"https:\/\/leandrepiviercrousier.fr\/index.php?rest_route=\/wp\/v2\/pages\/35","targetHints":{"allow":["GET"]}}],"collection":[{"href":"https:\/\/leandrepiviercrousier.fr\/index.php?rest_route=\/wp\/v2\/pages"}],"about":[{"href":"https:\/\/leandrepiviercrousier.fr\/index.php?rest_route=\/wp\/v2\/types\/page"}],"author":[{"embeddable":true,"href":"https:\/\/leandrepiviercrousier.fr\/index.php?rest_route=\/wp\/v2\/users\/1"}],"replies":[{"embeddable":true,"href":"https:\/\/leandrepiviercrousier.fr\/index.php?rest_route=%2Fwp%2Fv2%2Fcomments&post=35"}],"version-history":[{"count":7,"href":"https:\/\/leandrepiviercrousier.fr\/index.php?rest_route=\/wp\/v2\/pages\/35\/revisions"}],"predecessor-version":[{"id":289,"href":"https:\/\/leandrepiviercrousier.fr\/index.php?rest_route=\/wp\/v2\/pages\/35\/revisions\/289"}],"wp:attachment":[{"href":"https:\/\/leandrepiviercrousier.fr\/index.php?rest_route=%2Fwp%2Fv2%2Fmedia&parent=35"}],"curies":[{"name":"wp","href":"https:\/\/api.w.org\/{rel}","templated":true}]}}