{"id":23,"date":"2025-02-03T15:38:03","date_gmt":"2025-02-03T14:38:03","guid":{"rendered":"https:\/\/leandrepiviercrousier.fr\/?page_id=23"},"modified":"2025-03-04T11:58:43","modified_gmt":"2025-03-04T10:58:43","slug":"etude-dune-profession","status":"publish","type":"page","link":"https:\/\/leandrepiviercrousier.fr\/?page_id=23","title":{"rendered":"2-Etude d&#8217;une profession"},"content":{"rendered":"<p>[et_pb_section fb_built=&#8221;1&#8243; next_background_color=&#8221;#000000&#8243; _builder_version=&#8221;4.27.4&#8243; _module_preset=&#8221;default&#8221; background_color=&#8221;#64c1af&#8221; bottom_divider_style=&#8221;graph3&#8243; bottom_divider_height=&#8221;180px&#8221; global_colors_info=&#8221;{}&#8221;][et_pb_row _builder_version=&#8221;4.27.4&#8243; _module_preset=&#8221;default&#8221; global_colors_info=&#8221;{}&#8221;][et_pb_column type=&#8221;4_4&#8243; _builder_version=&#8221;4.27.4&#8243; _module_preset=&#8221;default&#8221; global_colors_info=&#8221;{}&#8221;][et_pb_text _builder_version=&#8221;4.27.4&#8243; _module_preset=&#8221;default&#8221; text_font=&#8221;|800||on|on|||#E02B20|&#8221; text_font_size=&#8221;45px&#8221; header_font=&#8221;Poppins|700||on|||||&#8221; header_text_align=&#8221;left&#8221; header_font_size=&#8221;40px&#8221; hover_enabled=&#8221;0&#8243; global_colors_info=&#8221;{}&#8221; sticky_enabled=&#8221;0&#8243;]<\/p>\n<h1 style=\"text-align: center;\">2 : Etude d&#8217;une profession<\/h1>\n<p>[\/et_pb_text][\/et_pb_column][\/et_pb_row][\/et_pb_section][et_pb_section fb_built=&#8221;1&#8243; _builder_version=&#8221;4.27.4&#8243; _module_preset=&#8221;default&#8221; background_color=&#8221;#000000&#8243; global_colors_info=&#8221;{}&#8221;][et_pb_row _builder_version=&#8221;4.27.4&#8243; _module_preset=&#8221;default&#8221; global_colors_info=&#8221;{}&#8221;][et_pb_column type=&#8221;4_4&#8243; _builder_version=&#8221;4.27.4&#8243; _module_preset=&#8221;default&#8221; global_colors_info=&#8221;{}&#8221;][et_pb_toggle title=&#8221;Description de la profession&#8221; toggle_icon=&#8221;&#xe04c;||divi||400&#8243; open_toggle_icon=&#8221;&#xe04b;||divi||400&#8243; _builder_version=&#8221;4.27.4&#8243; _module_preset=&#8221;default&#8221; body_text_color=&#8221;#000000&#8243; global_colors_info=&#8221;{}&#8221;]<\/p>\n<div class=\"flex-1 overflow-hidden @container\/thread translate-y-[1.5rem] -mt-[1.5rem] pb-[1.5rem]\">\n<div class=\"h-full\">\n<div class=\"react-scroll-to-bottom--css-sbbmq-79elbk h-full\">\n<div class=\"react-scroll-to-bottom--css-sbbmq-1n7m0yu\">\n<div class=\"flex flex-col text-sm\">\n<article class=\"w-full text-token-text-primary focus-visible:outline-2 focus-visible:outline-offset-[-4px]\" dir=\"auto\" data-testid=\"conversation-turn-13\" data-scroll-anchor=\"true\">\n<div class=\"m-auto text-base py-[18px] px-6\">\n<div class=\"mx-auto flex flex-1 gap-4 text-base md:gap-5 lg:gap-6 md:max-w-3xl\">\n<div class=\"group\/conversation-turn relative flex w-full min-w-0 flex-col agent-turn @xs\/thread:px-0 @sm\/thread:px-1.5 @md\/thread:px-4\">\n<div class=\"flex-col gap-1 md:gap-3\">\n<div class=\"flex max-w-full flex-col flex-grow\">\n<div data-message-author-role=\"assistant\" data-message-id=\"55358559-b8da-4f50-8356-36d97868f138\" dir=\"auto\" class=\"min-h-8 text-message flex w-full flex-col items-end gap-2 whitespace-normal break-words text-start [.text-message+&amp;]:mt-5\" data-message-model-slug=\"gpt-4o-mini\">\n<div class=\"flex w-full flex-col gap-1 empty:hidden first:pt-[3px]\">\n<div class=\"markdown prose w-full break-words dark:prose-invert dark\">\n<p>Le directeur artistique est un professionnel cr\u00e9atif responsable de l&#8217;aspect visuel d&#8217;un projet, que ce soit dans le design, la publicit\u00e9 ou d&#8217;autres domaines visuels. Il utilise des outils num\u00e9riques comme Adobe Illustrator, Photoshop et InDesign pour concr\u00e9tiser ses id\u00e9es. Son r\u00f4le est de cr\u00e9er une ambiance visuelle coh\u00e9rente et impactante, en choisissant soigneusement couleurs, typographies et compositions. Travaillant g\u00e9n\u00e9ralement dans une ambiance calme, il collabore \u00e9troitement avec les \u00e9quipes pour assurer que la vision du client soit parfaitement repr\u00e9sent\u00e9e. Cette profession n\u00e9cessite \u00e0 la fois une grande ma\u00eetrise technique et un sens esth\u00e9tique aiguis\u00e9.<\/p>\n<\/div>\n<\/div>\n<\/div>\n<\/div>\n<\/div>\n<\/div>\n<\/div>\n<\/div>\n<\/article>\n<\/div>\n<\/div>\n<\/div>\n<\/div>\n<\/div>\n<div class=\"md:pt-0 dark:border-white\/20 md:border-transparent md:dark:border-transparent w-full isolate has-[[data-has-thread-error]]:[box-shadow:var(--sharp-edge-bottom-shadow)] has-[[data-has-thread-error]]:pt-2\">\n<div>\n<div class=\"m-auto text-base px-3 md:px-4 w-full md:px-5 lg:px-4 xl:px-5\">\n<div class=\"mx-auto flex flex-1 gap-4 text-base md:gap-5 lg:gap-6 md:max-w-3xl\">\n<form class=\"w-full\" type=\"button\" aria-haspopup=\"dialog\" aria-expanded=\"false\" aria-controls=\"radix-:rn:\" data-state=\"closed\">\n<div class=\"relative z-[1] flex h-full max-w-full flex-1 flex-col\">\n<div class=\"absolute bottom-full left-0 right-0 z-20\">\n<div class=\"relative h-full w-full\">\n<div class=\"mb-2 flex flex-col gap-3.5 pt-2\">\n<div class=\"flex w-full items-start gap-4 rounded-3xl border py-4 pl-5 pr-3 text-sm [text-wrap:pretty] dark:border-transparent lg:mx-auto shadow-xxs md:items-center border-token-border-light bg-token-main-surface-primary text-token-text-primary dark:bg-token-main-surface-secondary\">\n<div class=\"flex h-full w-full items-start gap-4 md:items-center\">\n<div class=\"mt-1.5 flex grow items-start gap-4 md:mt-0 md:flex-row md:items-center md:justify-between md:gap-8 flex-col\">\n<div class=\"flex max-w-none flex-col\">\n<div class=\"\"><\/div>\n<\/div>\n<\/div>\n<\/div>\n<\/div>\n<\/div>\n<\/div>\n<\/div>\n<\/div>\n<\/form>\n<\/div>\n<\/div>\n<\/div>\n<\/div>\n<p>[\/et_pb_toggle][\/et_pb_column][\/et_pb_row][et_pb_row column_structure=&#8221;1_2,1_2&#8243; _builder_version=&#8221;4.27.4&#8243; _module_preset=&#8221;default&#8221; global_colors_info=&#8221;{}&#8221;][et_pb_column type=&#8221;1_2&#8243; _builder_version=&#8221;4.27.4&#8243; _module_preset=&#8221;default&#8221; global_colors_info=&#8221;{}&#8221;][et_pb_toggle title=&#8221;Horaire&#8221; toggle_icon=&#8221;&#xe04c;||divi||400&#8243; open_toggle_icon=&#8221;&#xe04b;||divi||400&#8243; _builder_version=&#8221;4.27.4&#8243; _module_preset=&#8221;default&#8221; body_text_color=&#8221;#000000&#8243; global_colors_info=&#8221;{}&#8221;]<\/p>\n<p>Mon maitre de stage organise g\u00e9n\u00e9ralement ses journ\u00e9es sur une base de 35 \u00e0 40 heures par semaine. Une journ\u00e9e typique commence par la planification des t\u00e2ches et la d\u00e9finition des priorit\u00e9s. Ensuite, il consacre plusieurs heures \u00e0 la cr\u00e9ation et \u00e0 l\u2019affinement des concepts visuels sur des logiciels comme Illustrator ou Photoshop. L&#8217;apr\u00e8s-midi est d\u00e9di\u00e9 \u00e0 la r\u00e9vision de ses travaux et \u00e0 la pr\u00e9paration des pr\u00e9sentations pour ses clients. Il ajuste ses cr\u00e9ations selon les retours re\u00e7us, tout en s&#8217;assurant de maintenir une atmosph\u00e8re calme et propice \u00e0 la cr\u00e9ativit\u00e9.<\/p>\n<p>[\/et_pb_toggle][\/et_pb_column][et_pb_column type=&#8221;1_2&#8243; _builder_version=&#8221;4.27.4&#8243; _module_preset=&#8221;default&#8221; global_colors_info=&#8221;{}&#8221;][et_pb_toggle title=&#8221;Salaire&#8221; toggle_icon=&#8221;&#xe04c;||divi||400&#8243; open_toggle_icon=&#8221;&#xe04b;||divi||400&#8243; _builder_version=&#8221;4.27.4&#8243; _module_preset=&#8221;default&#8221; body_text_color=&#8221;#000000&#8243; global_colors_info=&#8221;{}&#8221;]<\/p>\n<p>Mon maitre de stage, en tant que directeur artistique, gagne environ 3 000 euros brut par mois. Ce montant est bien sup\u00e9rieur au SMIC, qui est d&#8217;environ 1 700 euros brut. En d\u00e9but de carri\u00e8re, un directeur artistique peut esp\u00e9rer gagner entre 1 500 et 2 000 euros brut par mois. Avec l&#8217;exp\u00e9rience, ce salaire peut augmenter, atteignant entre 3 500 et 4 500 euros, voire plus en fin de carri\u00e8re, selon la client\u00e8le et la nature des projets.<\/p>\n<p>[\/et_pb_toggle][\/et_pb_column][\/et_pb_row][et_pb_row _builder_version=&#8221;4.27.4&#8243; _module_preset=&#8221;default&#8221; global_colors_info=&#8221;{}&#8221;][et_pb_column type=&#8221;4_4&#8243; _builder_version=&#8221;4.27.4&#8243; _module_preset=&#8221;default&#8221; global_colors_info=&#8221;{}&#8221;][et_pb_toggle title=&#8221;Etude&#8221; toggle_icon=&#8221;&#xe04c;||divi||400&#8243; open_toggle_icon=&#8221;&#xe04b;||divi||400&#8243; _builder_version=&#8221;4.27.4&#8243; _module_preset=&#8221;default&#8221; body_text_color=&#8221;#000000&#8243; global_colors_info=&#8221;{}&#8221;]<\/p>\n<div class=\"flex-1 overflow-hidden @container\/thread translate-y-[1.5rem] -mt-[1.5rem] pb-[1.5rem]\">\n<div class=\"h-full\">\n<div class=\"react-scroll-to-bottom--css-sbbmq-79elbk h-full\">\n<div class=\"react-scroll-to-bottom--css-sbbmq-1n7m0yu\">\n<div class=\"flex flex-col text-sm\">\n<article class=\"w-full text-token-text-primary focus-visible:outline-2 focus-visible:outline-offset-[-4px]\" dir=\"auto\" data-testid=\"conversation-turn-31\" data-scroll-anchor=\"true\">\n<div class=\"m-auto text-base py-[18px] px-6\">\n<div class=\"mx-auto flex flex-1 gap-4 text-base md:gap-5 lg:gap-6 md:max-w-3xl\">\n<div class=\"group\/conversation-turn relative flex w-full min-w-0 flex-col agent-turn @xs\/thread:px-0 @sm\/thread:px-1.5 @md\/thread:px-4\">\n<div class=\"flex-col gap-1 md:gap-3\">\n<div class=\"flex max-w-full flex-col flex-grow\">\n<div data-message-author-role=\"assistant\" data-message-id=\"685fb232-a277-4574-b29e-1d3b5be5b397\" dir=\"auto\" class=\"min-h-8 text-message flex w-full flex-col items-end gap-2 whitespace-normal break-words text-start [.text-message+&amp;]:mt-5\" data-message-model-slug=\"gpt-4o-mini\">\n<div class=\"flex w-full flex-col gap-1 empty:hidden first:pt-[3px]\">\n<div class=\"markdown prose w-full break-words dark:prose-invert dark\">\n<p>Le m\u00e9tier de directeur artistique n\u00e9cessite g\u00e9n\u00e9ralement une formation en design, arts graphiques ou communication visuelle. De nombreuses \u00e9coles sp\u00e9cialis\u00e9es proposent des cursus allant du Bac+2 au Bac+5, tels que le BTS Design graphique, le DMA (Dipl\u00f4me des M\u00e9tiers d\u2019Art) ou encore des formations en \u00e9cole de communication ou de beaux-arts.\u00a0 En compl\u00e9ment des connaissances th\u00e9oriques, les \u00e9tudiants apprennent \u00e0 ma\u00eetriser des logiciels de cr\u00e9ation comme Photoshop, Illustrator ou InDesign. De plus, des stages en entreprise ou des projets personnels sont souvent encourag\u00e9s, afin de d\u00e9velopper une exp\u00e9rience pratique et de se constituer un portfolio, essentiel pour d\u00e9marrer dans la profession. Pour r\u00e9ussir dans ce m\u00e9tier, il est aussi important de poss\u00e9der certaines qualit\u00e9s : une grande cr\u00e9ativit\u00e9, un sens aiguis\u00e9 de l&#8217;esth\u00e9tique, de la rigueur, ainsi qu&#8217;une bonne capacit\u00e9 d&#8217;\u00e9coute pour r\u00e9pondre aux besoins des clients. La capacit\u00e9 \u00e0 travailler en autonomie tout en respectant les d\u00e9lais et \u00e0 s&#8217;adapter \u00e0 des projets vari\u00e9s est \u00e9galement primordiale.<\/p>\n<\/div>\n<\/div>\n<\/div>\n<\/div>\n<\/div>\n<\/div>\n<\/div>\n<\/div>\n<\/article>\n<\/div>\n<\/div>\n<\/div>\n<\/div>\n<\/div>\n<p>[\/et_pb_toggle][\/et_pb_column][\/et_pb_row][\/et_pb_section]<\/p>\n","protected":false},"excerpt":{"rendered":"<p>2 : Etude d&#8217;une profession Le directeur artistique est un professionnel cr\u00e9atif responsable de l&#8217;aspect visuel d&#8217;un projet, que ce soit dans le design, la publicit\u00e9 ou d&#8217;autres domaines visuels. Il utilise des outils num\u00e9riques comme Adobe Illustrator, Photoshop et InDesign pour concr\u00e9tiser ses id\u00e9es. Son r\u00f4le est de cr\u00e9er une ambiance visuelle coh\u00e9rente et [&hellip;]<\/p>\n","protected":false},"author":1,"featured_media":0,"parent":0,"menu_order":0,"comment_status":"closed","ping_status":"closed","template":"","meta":{"_et_pb_use_builder":"on","_et_pb_old_content":"","_et_gb_content_width":"","footnotes":""},"class_list":["post-23","page","type-page","status-publish","hentry"],"_links":{"self":[{"href":"https:\/\/leandrepiviercrousier.fr\/index.php?rest_route=\/wp\/v2\/pages\/23","targetHints":{"allow":["GET"]}}],"collection":[{"href":"https:\/\/leandrepiviercrousier.fr\/index.php?rest_route=\/wp\/v2\/pages"}],"about":[{"href":"https:\/\/leandrepiviercrousier.fr\/index.php?rest_route=\/wp\/v2\/types\/page"}],"author":[{"embeddable":true,"href":"https:\/\/leandrepiviercrousier.fr\/index.php?rest_route=\/wp\/v2\/users\/1"}],"replies":[{"embeddable":true,"href":"https:\/\/leandrepiviercrousier.fr\/index.php?rest_route=%2Fwp%2Fv2%2Fcomments&post=23"}],"version-history":[{"count":10,"href":"https:\/\/leandrepiviercrousier.fr\/index.php?rest_route=\/wp\/v2\/pages\/23\/revisions"}],"predecessor-version":[{"id":232,"href":"https:\/\/leandrepiviercrousier.fr\/index.php?rest_route=\/wp\/v2\/pages\/23\/revisions\/232"}],"wp:attachment":[{"href":"https:\/\/leandrepiviercrousier.fr\/index.php?rest_route=%2Fwp%2Fv2%2Fmedia&parent=23"}],"curies":[{"name":"wp","href":"https:\/\/api.w.org\/{rel}","templated":true}]}}