{"id":225,"date":"2025-03-04T12:09:46","date_gmt":"2025-03-04T11:09:46","guid":{"rendered":"https:\/\/leandrepiviercrousier.fr\/?page_id=225"},"modified":"2025-03-10T21:51:24","modified_gmt":"2025-03-10T20:51:24","slug":"3-deroulement-du-stage","status":"publish","type":"page","link":"https:\/\/leandrepiviercrousier.fr\/?page_id=225","title":{"rendered":"3-D\u00e9roulement du stage"},"content":{"rendered":"<p>[et_pb_section fb_built=&#8221;1&#8243; next_background_color=&#8221;#000000&#8243; _builder_version=&#8221;4.27.4&#8243; _module_preset=&#8221;default&#8221; background_color=&#8221;#64c1af&#8221; bottom_divider_style=&#8221;graph3&#8243; bottom_divider_height=&#8221;140px&#8221; global_colors_info=&#8221;{}&#8221; min_height=&#8221;209.9px&#8221; custom_padding=&#8221;42px|||||&#8221;][et_pb_row _builder_version=&#8221;4.27.4&#8243; _module_preset=&#8221;default&#8221; global_colors_info=&#8221;{}&#8221;][et_pb_column type=&#8221;4_4&#8243; _builder_version=&#8221;4.27.4&#8243; _module_preset=&#8221;default&#8221; global_colors_info=&#8221;{}&#8221;][et_pb_text _builder_version=&#8221;4.27.4&#8243; _module_preset=&#8221;default&#8221; text_font=&#8221;&#8211;et_global_body_font|700||on|on|||#E02B20|&#8221; text_text_color=&#8221;#FFFFFF&#8221; text_font_size=&#8221;38px&#8221; text_orientation=&#8221;center&#8221; hover_enabled=&#8221;0&#8243; global_colors_info=&#8221;{}&#8221; sticky_enabled=&#8221;0&#8243; text_line_height=&#8221;1.8em&#8221;]<\/p>\n<p>3-D\u00e9roulement du stage<\/p>\n<p>[\/et_pb_text][\/et_pb_column][\/et_pb_row][\/et_pb_section][et_pb_section fb_built=&#8221;1&#8243; _builder_version=&#8221;4.27.4&#8243; _module_preset=&#8221;default&#8221; background_color=&#8221;#000000&#8243; global_colors_info=&#8221;{}&#8221;][et_pb_row _builder_version=&#8221;4.27.4&#8243; _module_preset=&#8221;default&#8221; global_colors_info=&#8221;{}&#8221;][et_pb_column type=&#8221;4_4&#8243; _builder_version=&#8221;4.27.4&#8243; _module_preset=&#8221;default&#8221; global_colors_info=&#8221;{}&#8221;][et_pb_accordion _builder_version=&#8221;4.27.4&#8243; _module_preset=&#8221;default&#8221; global_colors_info=&#8221;{}&#8221;][et_pb_accordion_item title=&#8221;J-1 :&#8221; open=&#8221;on&#8221; _builder_version=&#8221;4.27.4&#8243; _module_preset=&#8221;default&#8221; body_text_align=&#8221;center&#8221; body_text_color=&#8221;#000000&#8243; global_colors_info=&#8221;{}&#8221;]Le premier jour je suis arriv\u00e9 un peu avant l\u2019heure car j\u2019\u00e9tais press\u00e9 de d\u00e9couvrir mon stage et d\u2019int\u00e9grer un milieu professionnel qui me pla\u00eet. Je suis all\u00e9 m\u2019installer avec mon ma\u00eetre de stage, Quentin COLLE, Il m\u2019a propos\u00e9 de faire mon rapport de stage sous forme de site internet pour montr\u00e9 ce que j\u2019avais fait pendant la semaine. J\u2019ai donc pendant la matin\u00e9e fait les plan sur papier de mon site puis j\u2019ai commenc\u00e9 \u00e0 le mettre en forme sans les textes pendant le reste de la journ\u00e9e[\/et_pb_accordion_item][et_pb_accordion_item title=&#8221;J-2 : &#8221; _builder_version=&#8221;4.27.4&#8243; _module_preset=&#8221;default&#8221; body_font=&#8221;Poppins||||||||&#8221; body_text_align=&#8221;center&#8221; body_text_color=&#8221;#000000&#8243; global_colors_info=&#8221;{}&#8221; open=&#8221;off&#8221;]<\/p>\n<p>Le deuxi\u00e8me jour, je suis arriv\u00e9 \u00e0 l&#8217;heure habituelle, prenant le m\u00eame bus que la veille. Je me suis install\u00e9 \u00e0 un bureau pr\u00e8s de mon ma\u00eetre de stage et j&#8217;ai poursuivi la cr\u00e9ation de mon site, toujours en travaillant sur la structure sans y ins\u00e9rer de texte. L&#8217;apr\u00e8s-midi, j&#8217;ai assist\u00e9 mon ma\u00eetre de stage pour aider un client qui avait des difficult\u00e9s \u00e0 r\u00e9diger les textes pour son site. En fin de journ\u00e9e, j&#8217;ai commenc\u00e9 \u00e0 r\u00e9pertorier les intelligences artificielles les plus connues, en les classant selon leurs cat\u00e9gories : image, texte et vid\u00e9o.<\/p>\n<p>&nbsp;<\/p>\n<p>[\/et_pb_accordion_item][et_pb_accordion_item title=&#8221;J-3 : &#8221; _builder_version=&#8221;4.27.4&#8243; _module_preset=&#8221;default&#8221; body_font=&#8221;Poppins||||||||&#8221; body_text_align=&#8221;center&#8221; body_text_color=&#8221;#000000&#8243; global_colors_info=&#8221;{}&#8221; open=&#8221;off&#8221;]<\/p>\n<p>Le troisi\u00e8me jour, je suis arriv\u00e9 une demi-heure plus t\u00f4t que pr\u00e9vu, car le bus \u00e9tait pass\u00e9 en avance. D\u00e8s mon arriv\u00e9e, j&#8217;ai poursuivi mon travail sur les intelligences artificielles. Ensuite, j&#8217;ai commenc\u00e9 \u00e0 int\u00e9grer les \u00e9l\u00e9ments visuels dans mon site. L&#8217;apr\u00e8s-midi, mon ma\u00eetre de stage m&#8217;a pr\u00e9sent\u00e9 une application appel\u00e9e Figma, un outil de design collaboratif. J&#8217;ai fais un essai en cr\u00e9ant la premi\u00e8re page d&#8217;un projet de site pour le Stade Toulousain, bien que le r\u00e9sultat n&#8217;ait pas \u00e9t\u00e9 concluant.<\/p>\n<p>&nbsp;<\/p>\n<p>[\/et_pb_accordion_item][et_pb_accordion_item title=&#8221;J-4 : &#8221; _builder_version=&#8221;4.27.4&#8243; _module_preset=&#8221;default&#8221; body_font=&#8221;&#8211;et_global_body_font||||||||&#8221; body_text_color=&#8221;#000000&#8243; global_colors_info=&#8221;{}&#8221; content__hover_enabled=&#8221;off|desktop&#8221; open=&#8221;off&#8221;]<\/p>\n<p>Mon arriv\u00e9e s&#8217;est d\u00e9roul\u00e9e de mani\u00e8re similaire \u00e0 la veille. D\u00e8s mon arriv\u00e9e, j&#8217;ai repris le logiciel Figma afin d&#8217;am\u00e9liorer le travail effectu\u00e9 la veille. Mon ma\u00eetre de stage a pris le temps de m&#8217;expliquer le fonctionnement de cet outil, ce qui m&#8217;a permis d&#8217;obtenir un r\u00e9sultat de meilleure qualit\u00e9. Par la suite, j&#8217;ai commenc\u00e9 \u00e0 r\u00e9diger un brouillon de mon rapport de stage afin de structurer les diff\u00e9rents textes. En fin de journ\u00e9e, j&#8217;ai commenc\u00e9 \u00e0 me familiariser avec Photoshop en effectuant quelques manipulations.<\/p>\n<p>[\/et_pb_accordion_item][et_pb_accordion_item title=&#8221;J-5:&#8221; _builder_version=&#8221;4.27.4&#8243; _module_preset=&#8221;default&#8221; body_font=&#8221;Poppins||||||||&#8221; body_text_color=&#8221;#000000&#8243; global_colors_info=&#8221;{}&#8221; open=&#8221;off&#8221;]<\/p>\n<p data-start=\"84\" data-end=\"303\">Le dernier jour de mon stage, je suis arriv\u00e9 l\u00e9g\u00e8rement en retard en raison d&#8217;un impr\u00e9vu avec le bus que je prenais, qui n\u2019est pas arriv\u00e9 \u00e0 l&#8217;heure. J&#8217;ai donc d\u00fb prendre le suivant, ce qui m\u2019a conduit \u00e0 arriver \u00e0 9h05. En d\u00e9but de matin\u00e9e, j&#8217;ai r\u00e9dig\u00e9 les textes de mon rapport de stage. Ensuite, j&#8217;ai utilis\u00e9 Photoshop, apr\u00e8s des explications de mon ma\u00eetre de stage, afin de concevoir une affiche pour le match France-Angleterre du Tournoi des Six Nations. L&#8217;apr\u00e8s-midi, j&#8217;ai poursuivi le d\u00e9veloppement de mon projet sur Figma et j&#8217;ai perfectionn\u00e9 le site de mon rapport de stage.<\/p>\n<p>[\/et_pb_accordion_item][\/et_pb_accordion][\/et_pb_column][\/et_pb_row][\/et_pb_section]<\/p>\n","protected":false},"excerpt":{"rendered":"<p>3-D\u00e9roulement du stageLe premier jour je suis arriv\u00e9 un peu avant l\u2019heure car j\u2019\u00e9tais press\u00e9 de d\u00e9couvrir mon stage et d\u2019int\u00e9grer un milieu professionnel qui me pla\u00eet. Je suis all\u00e9 m\u2019installer avec mon ma\u00eetre de stage, Quentin COLLE, Il m\u2019a propos\u00e9 de faire mon rapport de stage sous forme de site internet pour montr\u00e9 ce [&hellip;]<\/p>\n","protected":false},"author":1,"featured_media":0,"parent":0,"menu_order":0,"comment_status":"closed","ping_status":"closed","template":"","meta":{"_et_pb_use_builder":"on","_et_pb_old_content":"","_et_gb_content_width":"","footnotes":""},"class_list":["post-225","page","type-page","status-publish","hentry"],"_links":{"self":[{"href":"https:\/\/leandrepiviercrousier.fr\/index.php?rest_route=\/wp\/v2\/pages\/225","targetHints":{"allow":["GET"]}}],"collection":[{"href":"https:\/\/leandrepiviercrousier.fr\/index.php?rest_route=\/wp\/v2\/pages"}],"about":[{"href":"https:\/\/leandrepiviercrousier.fr\/index.php?rest_route=\/wp\/v2\/types\/page"}],"author":[{"embeddable":true,"href":"https:\/\/leandrepiviercrousier.fr\/index.php?rest_route=\/wp\/v2\/users\/1"}],"replies":[{"embeddable":true,"href":"https:\/\/leandrepiviercrousier.fr\/index.php?rest_route=%2Fwp%2Fv2%2Fcomments&post=225"}],"version-history":[{"count":9,"href":"https:\/\/leandrepiviercrousier.fr\/index.php?rest_route=\/wp\/v2\/pages\/225\/revisions"}],"predecessor-version":[{"id":290,"href":"https:\/\/leandrepiviercrousier.fr\/index.php?rest_route=\/wp\/v2\/pages\/225\/revisions\/290"}],"wp:attachment":[{"href":"https:\/\/leandrepiviercrousier.fr\/index.php?rest_route=%2Fwp%2Fv2%2Fmedia&parent=225"}],"curies":[{"name":"wp","href":"https:\/\/api.w.org\/{rel}","templated":true}]}}