{"id":13,"date":"2025-02-03T14:41:44","date_gmt":"2025-02-03T13:41:44","guid":{"rendered":"https:\/\/leandrepiviercrousier.fr\/?page_id=13"},"modified":"2025-03-09T09:35:44","modified_gmt":"2025-03-09T08:35:44","slug":"accueil","status":"publish","type":"page","link":"https:\/\/leandrepiviercrousier.fr\/","title":{"rendered":"Accueil"},"content":{"rendered":"<p>[et_pb_section fb_built=&#8221;1&#8243; custom_padding_last_edited=&#8221;on|phone&#8221; next_background_color=&#8221;#000000&#8243; _builder_version=&#8221;4.27.4&#8243; _module_preset=&#8221;default&#8221; background_color=&#8221;#64c1af&#8221; custom_padding=&#8221;0px||107px||false|false&#8221; custom_padding_tablet=&#8221;0px||107px||false|false&#8221; custom_padding_phone=&#8221;||50px||false|false&#8221; bottom_divider_style=&#8221;graph4&#8243; bottom_divider_height=&#8221;135px&#8221; global_colors_info=&#8221;{}&#8221;][et_pb_row _builder_version=&#8221;4.27.4&#8243; _module_preset=&#8221;default&#8221; global_colors_info=&#8221;{}&#8221;][et_pb_column type=&#8221;4_4&#8243; _builder_version=&#8221;4.27.4&#8243; _module_preset=&#8221;default&#8221; global_colors_info=&#8221;{}&#8221;][et_pb_text _builder_version=&#8221;4.27.4&#8243; _module_preset=&#8221;default&#8221; header_font=&#8221;Poppins|800||on|on|||#E02B20|solid&#8221; header_text_align=&#8221;center&#8221; header_font_size=&#8221;48px&#8221; header_letter_spacing=&#8221;24px&#8221; header_font_size_tablet=&#8221;31px&#8221; header_font_size_phone=&#8221;20px&#8221; header_font_size_last_edited=&#8221;on|desktop&#8221; header_letter_spacing_tablet=&#8221;4px&#8221; header_letter_spacing_phone=&#8221;0px&#8221; header_letter_spacing_last_edited=&#8221;on|desktop&#8221; header_text_shadow_style=&#8221;preset5&#8243; header_text_shadow_horizontal_length=&#8221;0.07em&#8221; header_text_shadow_vertical_length=&#8221;0.07em&#8221; global_colors_info=&#8221;{}&#8221; header_text_color__hover_enabled=&#8221;on|hover&#8221; header_text_color__hover=&#8221;#8300E9&#8243;]<\/p>\n<h1><strong>Rapport de stage<\/strong><\/h1>\n<p>[\/et_pb_text][et_pb_text _builder_version=&#8221;4.27.4&#8243; _module_preset=&#8221;default&#8221; text_font=&#8221;|600||on|||||&#8221; text_text_color=&#8221;#FFFFFF&#8221; text_font_size=&#8221;20px&#8221; global_colors_info=&#8221;{}&#8221;]<\/p>\n<p style=\"text-align: center;\">03 \/ 02 \/ 2025\u00a0 au\u00a0 07 \/ 02 \/ 2025<\/p>\n<p>[\/et_pb_text][\/et_pb_column][\/et_pb_row][\/et_pb_section][et_pb_section fb_built=&#8221;1&#8243; _builder_version=&#8221;4.27.4&#8243; _module_preset=&#8221;default&#8221; background_color=&#8221;#000000&#8243; background_enable_image=&#8221;off&#8221; global_colors_info=&#8221;{}&#8221;][et_pb_row _builder_version=&#8221;4.27.4&#8243; _module_preset=&#8221;default&#8221; global_colors_info=&#8221;{}&#8221;][et_pb_column type=&#8221;4_4&#8243; _builder_version=&#8221;4.27.4&#8243; _module_preset=&#8221;default&#8221; global_colors_info=&#8221;{}&#8221;][et_pb_text _builder_version=&#8221;4.27.4&#8243; _module_preset=&#8221;default&#8221; text_font=&#8221;Poppins|700||on|on|||#E02B20|&#8221; text_font_size=&#8221;33px&#8221; global_colors_info=&#8221;{}&#8221;]<\/p>\n<p>Introduction :<\/p>\n<p>[\/et_pb_text][et_pb_text _builder_version=&#8221;4.27.4&#8243; _module_preset=&#8221;default&#8221; text_text_color=&#8221;#000000&#8243; header_font=&#8221;|700||on|on||||&#8221; header_text_align=&#8221;center&#8221; header_text_color=&#8221;#FFFFFF&#8221; global_colors_info=&#8221;{}&#8221;]<\/p>\n<h1>L\u00e9andre Pivier Crousier \/ Copin (domaine de la communication)<\/h1>\n<p>[\/et_pb_text][et_pb_text _builder_version=&#8221;4.27.4&#8243; _module_preset=&#8221;default&#8221; text_font_size=&#8221;18px&#8221; global_colors_info=&#8221;{}&#8221;]<\/p>\n<p>Le choix de ce lieu de stage s&#8217;est fait apr\u00e8s avoir d\u00e9couvert le site de l&#8217;agence COPIN lors de ma recherche. Ce dernier m&#8217;a particuli\u00e8rement attir\u00e9. J&#8217;ai alors pris contact avec l&#8217;agence, mais n&#8217;ayant pas re\u00e7u de r\u00e9ponse imm\u00e9diate, j&#8217;ai poursuivi mes recherches. Quelques heures plus tard, l&#8217;agence COPIN m&#8217;a finalement rappel\u00e9 pour me confirmer qu&#8217;ils reviendraient vers moi afin de valider ma candidature pour le stage. Cette confirmation est intervenue peu de temps apr\u00e8s. J&#8217;ai \u00e9t\u00e9 ravi non seulement d&#8217;avoir trouv\u00e9 un stage, mais \u00e9galement de pouvoir travailler dans un environnement qui correspondait \u00e0 mes int\u00e9r\u00eats.<\/p>\n<p>&nbsp;<\/p>\n<p>[\/et_pb_text][et_pb_slider _builder_version=&#8221;4.27.4&#8243; _module_preset=&#8221;default&#8221; background_color=&#8221;RGBA(255,255,255,0)&#8221; hover_enabled=&#8221;0&#8243; global_colors_info=&#8221;{}&#8221; sticky_enabled=&#8221;0&#8243;][et_pb_slide heading=&#8221;1 : Entreprise&#8221; button_text=&#8221;En savoir +&#8221; button_link=&#8221;@ET-DC@eyJkeW5hbWljIjp0cnVlLCJjb250ZW50IjoicG9zdF9saW5rX3VybF9wYWdlIiwic2V0dGluZ3MiOnsicG9zdF9pZCI6IjE5In19@&#8221; _builder_version=&#8221;4.27.4&#8243; _dynamic_attributes=&#8221;button_link&#8221; _module_preset=&#8221;default&#8221; background_color=&#8221;rgba(224,43,32,0.74)&#8221; background_enable_color=&#8221;on&#8221; global_colors_info=&#8221;{}&#8221; sticky_transition=&#8221;on&#8221;]<\/p>\n<p>L&#8217;agence COPIN est une entreprise sp\u00e9cialis\u00e9e dans la communication et le marketing, offrant divers services allant de la gestion des r\u00e9seaux sociaux \u00e0 la cr\u00e9ation de contenus visuels et strat\u00e9giques pour ses clients. Son objectif est d\u2019accompagner les entreprises dans le d\u00e9veloppement de leur image et leur visibilit\u00e9 \u00e0 travers des campagnes adapt\u00e9es. L\u2019agence se distingue par son dynamisme, sa cr\u00e9ativit\u00e9 et son approche personnalis\u00e9e pour r\u00e9pondre aux besoins sp\u00e9cifiques de chaque client.<\/p>\n<p>[\/et_pb_slide][et_pb_slide heading=&#8221;2 : Etude d&#8217;une profession&#8221; button_text=&#8221;En savoir +&#8221; button_link=&#8221;@ET-DC@eyJkeW5hbWljIjp0cnVlLCJjb250ZW50IjoicG9zdF9saW5rX3VybF9wYWdlIiwic2V0dGluZ3MiOnsicG9zdF9pZCI6IjIzIn19@&#8221; _builder_version=&#8221;4.27.4&#8243; _dynamic_attributes=&#8221;button_link&#8221; _module_preset=&#8221;default&#8221; background_color=&#8221;rgba(224,153,0,0.71)&#8221; background_enable_color=&#8221;on&#8221; hover_enabled=&#8221;0&#8243; global_colors_info=&#8221;{}&#8221; sticky_transition=&#8221;on&#8221; sticky_enabled=&#8221;0&#8243;]<\/p>\n<p>Le m\u00e9tier \u00e9tudi\u00e9 au sein de l\u2019agence est celui de communicant, un r\u00f4le cl\u00e9 dans la gestion de l\u2019image des entreprises. Ce poste demande des comp\u00e9tences vari\u00e9es telles que la ma\u00eetrise des outils de cr\u00e9ation graphique, la r\u00e9daction de contenus percutants et la capacit\u00e9 \u00e0 analyser les tendances du march\u00e9. Il requiert \u00e9galement une bonne organisation, un esprit d\u2019analyse et une excellente communication interpersonnelle pour collaborer avec diff\u00e9rents acteurs.<\/p>\n<p>[\/et_pb_slide][et_pb_slide heading=&#8221;3 : D\u00e9roulement du stage&#8221; button_text=&#8221;En savoir +&#8221; button_link=&#8221;@ET-DC@eyJkeW5hbWljIjp0cnVlLCJjb250ZW50IjoicG9zdF9saW5rX3VybF9wYWdlIiwic2V0dGluZ3MiOnsicG9zdF9pZCI6IjIyNSJ9fQ==@&#8221; _builder_version=&#8221;4.27.4&#8243; _dynamic_attributes=&#8221;button_link,link_option_url&#8221; _module_preset=&#8221;default&#8221; background_color=&#8221;rgba(237,240,0,0.71)&#8221; background_enable_color=&#8221;on&#8221; link_option_url=&#8221;@ET-DC@eyJkeW5hbWljIjp0cnVlLCJjb250ZW50IjoicG9zdF9saW5rX3VybF9wYWdlIiwic2V0dGluZ3MiOnsicG9zdF9pZCI6IjIyNSJ9fQ==@&#8221; global_colors_info=&#8221;{}&#8221; sticky_transition=&#8221;on&#8221;]<\/p>\n<p>&nbsp;<\/p>\n<p>Le stage s\u2019est d\u00e9roul\u00e9 du 3 au 7 f\u00e9vrier 2024, avec une immersion progressive dans le quotidien de l\u2019agence. J\u2019ai pu observer et participer \u00e0 diverses missions, notamment l\u2019analyse de strat\u00e9gies de communication, la conception de supports visuels et la gestion de publications sur les r\u00e9seaux sociaux. Encadr\u00e9 par des professionnels exp\u00e9riment\u00e9s, j\u2019ai eu l\u2019opportunit\u00e9 d\u2019apprendre \u00e0 utiliser des outils sp\u00e9cialis\u00e9s et de comprendre les enjeux li\u00e9s \u00e0 la communication d\u2019entreprise.<\/p>\n<p>[\/et_pb_slide][et_pb_slide heading=&#8221;4 : Bilan du stage&#8221; button_text=&#8221;En savoir +&#8221; button_link=&#8221;@ET-DC@eyJkeW5hbWljIjp0cnVlLCJjb250ZW50IjoicG9zdF9saW5rX3VybF9wYWdlIiwic2V0dGluZ3MiOnsicG9zdF9pZCI6IjM1In19@&#8221; _builder_version=&#8221;4.27.4&#8243; _dynamic_attributes=&#8221;button_link&#8221; _module_preset=&#8221;default&#8221; background_color=&#8221;rgba(224,153,0,0.79)&#8221; background_enable_color=&#8221;on&#8221; global_colors_info=&#8221;{}&#8221; sticky_transition=&#8221;on&#8221;]<\/p>\n<p data-start=\"1651\" data-end=\"2046\">\n<p data-start=\"1651\" data-end=\"2046\">Ce stage a \u00e9t\u00e9 une exp\u00e9rience enrichissante qui m\u2019a permis d\u2019acqu\u00e9rir de nouvelles connaissances et d\u2019affiner mon projet professionnel. J\u2019ai d\u00e9velopp\u00e9 des comp\u00e9tences techniques, d\u00e9couvert les exigences du m\u00e9tier et compris l\u2019importance du travail en \u00e9quipe. Cette immersion m\u2019a confort\u00e9 dans mon envie de poursuivre dans ce domaine et m\u2019a apport\u00e9 une vision plus concr\u00e8te du monde du travail.<\/p>\n<h4 data-start=\"2048\" data-end=\"2072\"><\/h4>\n<p>[\/et_pb_slide][et_pb_slide heading=&#8221;5 : Conclusion&#8221; button_text=&#8221;En savoir +&#8221; button_link=&#8221;@ET-DC@eyJkeW5hbWljIjp0cnVlLCJjb250ZW50IjoicG9zdF9saW5rX3VybF9wYWdlIiwic2V0dGluZ3MiOnsicG9zdF9pZCI6IjQ3In19@&#8221; _builder_version=&#8221;4.27.4&#8243; _dynamic_attributes=&#8221;button_link&#8221; _module_preset=&#8221;default&#8221; background_color=&#8221;rgba(224,43,32,0.78)&#8221; background_enable_color=&#8221;on&#8221; global_colors_info=&#8221;{}&#8221; sticky_transition=&#8221;on&#8221;]<\/p>\n<p>En conclusion, ce stage au sein de l\u2019agence COPIN a \u00e9t\u00e9 une exp\u00e9rience tr\u00e8s formatrice, me permettant d&#8217;explorer un secteur passionnant et dynamique. Gr\u00e2ce \u00e0 l\u2019accompagnement de l\u2019\u00e9quipe, j\u2019ai pu mieux cerner les r\u00e9alit\u00e9s du m\u00e9tier de communicant et affiner mes aspirations professionnelles. Je remercie chaleureusement toute l\u2019agence pour leur accueil et leur disponibilit\u00e9, et je garderai un excellent souvenir de cette semaine qui a marqu\u00e9 une \u00e9tape importante dans mon orientation.<\/p>\n<p>[\/et_pb_slide][\/et_pb_slider][\/et_pb_column][\/et_pb_row][et_pb_row column_structure=&#8221;1_2,1_2&#8243; _builder_version=&#8221;4.27.4&#8243; _module_preset=&#8221;default&#8221; global_colors_info=&#8221;{}&#8221;][et_pb_column type=&#8221;1_2&#8243; _builder_version=&#8221;4.27.4&#8243; _module_preset=&#8221;default&#8221; global_colors_info=&#8221;{}&#8221;][et_pb_text _builder_version=&#8221;4.27.4&#8243; _module_preset=&#8221;default&#8221; text_font_size=&#8221;41px&#8221; text_line_height=&#8221;2em&#8221; global_colors_info=&#8221;{}&#8221;]<\/p>\n<p>Quelques images de projets que j&#8217;ai r\u00e9alis\u00e9s pendant mon stage :<\/p>\n<p>[\/et_pb_text][\/et_pb_column][et_pb_column type=&#8221;1_2&#8243; _builder_version=&#8221;4.27.4&#8243; _module_preset=&#8221;default&#8221; global_colors_info=&#8221;{}&#8221;][et_pb_slider _builder_version=&#8221;4.27.4&#8243; _module_preset=&#8221;default&#8221; global_colors_info=&#8221;{}&#8221;][et_pb_slide heading=&#8221;projet Figma&#8221; button_text=&#8221;lien projet&#8221; button_link=&#8221;https:\/\/www.figma.com\/proto\/DTMMxEQbW9NfDBFmsVEqW0\/Untitled?node-id=0-1&#038;t=WIrUtIfZSjD3fdeb-1&#8243; _builder_version=&#8221;4.27.4&#8243; _module_preset=&#8221;default&#8221; global_colors_info=&#8221;{}&#8221; sticky_transition=&#8221;on&#8221;]<\/p>\n<p><img loading=\"lazy\" decoding=\"async\" src=\"http:\/\/leandrepiviercrousier.fr\/wp-content\/uploads\/2025\/03\/projet-249x300.png\" width=\"238\" height=\"287\" alt=\"\" class=\"wp-image-251 alignnone size-medium\" srcset=\"https:\/\/leandrepiviercrousier.fr\/wp-content\/uploads\/2025\/03\/projet-249x300.png 249w, https:\/\/leandrepiviercrousier.fr\/wp-content\/uploads\/2025\/03\/projet.png 382w\" sizes=\"(max-width: 238px) 100vw, 238px\" \/><\/p>\n<p>[\/et_pb_slide][et_pb_slide heading=&#8221;LOGO&#8221; _builder_version=&#8221;4.27.4&#8243; _module_preset=&#8221;default&#8221; global_colors_info=&#8221;{}&#8221; sticky_transition=&#8221;on&#8221;]<\/p>\n<p><img loading=\"lazy\" decoding=\"async\" src=\"http:\/\/leandrepiviercrousier.fr\/wp-content\/uploads\/2025\/02\/LOGO-01-02-223x300.png\" width=\"223\" height=\"300\" alt=\"\" class=\"wp-image-128 alignnone size-medium\" \/><\/p>\n<p>[\/et_pb_slide][et_pb_slide heading=&#8221;Projet Photoshop &#8221; _builder_version=&#8221;4.27.4&#8243; _module_preset=&#8221;default&#8221; global_colors_info=&#8221;{}&#8221; sticky_transition=&#8221;on&#8221;]<\/p>\n<p><img loading=\"lazy\" decoding=\"async\" src=\"http:\/\/leandrepiviercrousier.fr\/wp-content\/uploads\/2025\/02\/Le-Crunch-2025--212x300.jpg\" width=\"212\" height=\"300\" alt=\"\" class=\"wp-image-201 alignnone size-medium\" \/><\/p>\n<p>[\/et_pb_slide][\/et_pb_slider][\/et_pb_column][\/et_pb_row][\/et_pb_section][et_pb_section fb_built=&#8221;1&#8243; prev_background_color=&#8221;#000000&#8243; _builder_version=&#8221;4.27.4&#8243; _module_preset=&#8221;default&#8221; background_color=&#8221;#FFFFFF&#8221; background_image=&#8221;http:\/\/leandrepiviercrousier.fr\/wp-content\/uploads\/2025\/02\/agence-copin-RSE-communication-responsable-rayonnons-avec-home.png&#8221; background_position=&#8221;bottom_center&#8221; background_vertical_offset=&#8221;77%&#8221; top_divider_style=&#8221;graph3&#8243; top_divider_height=&#8221;77px&#8221; global_colors_info=&#8221;{}&#8221;][et_pb_row _builder_version=&#8221;4.27.4&#8243; _module_preset=&#8221;default&#8221; global_colors_info=&#8221;{}&#8221;][et_pb_column type=&#8221;4_4&#8243; _builder_version=&#8221;4.27.4&#8243; _module_preset=&#8221;default&#8221; global_colors_info=&#8221;{}&#8221;][et_pb_text _builder_version=&#8221;4.27.4&#8243; _module_preset=&#8221;default&#8221; text_font=&#8221;Poppins||||||||&#8221; text_text_color=&#8221;#000000&#8243; text_font_size=&#8221;27px&#8221; header_font=&#8221;Poppins|700||||on|||&#8221; header_text_color=&#8221;#E02B20&#8243; header_2_text_color=&#8221;#000000&#8243; global_colors_info=&#8221;{}&#8221;]<\/p>\n<p style=\"text-align: left;\"><strong>Remerciement<\/strong><strong> :<\/strong><\/p>\n<p>[\/et_pb_text][\/et_pb_column][\/et_pb_row][et_pb_row _builder_version=&#8221;4.27.4&#8243; _module_preset=&#8221;default&#8221; min_height=&#8221;142.9px&#8221; global_colors_info=&#8221;{}&#8221;][et_pb_column type=&#8221;4_4&#8243; _builder_version=&#8221;4.27.4&#8243; _module_preset=&#8221;default&#8221; global_colors_info=&#8221;{}&#8221;][et_pb_text _builder_version=&#8221;4.27.4&#8243; _module_preset=&#8221;default&#8221; text_font=&#8221;Poppins|600|||||||&#8221; text_text_color=&#8221;#E02B20&#8243; text_font_size=&#8221;26px&#8221; global_colors_info=&#8221;{}&#8221;]<\/p>\n<p>Je tiens \u00e0 remercier chaleureusement\u00a0 l\u2019agence COPIN pour son accueil, sa bienveillance et le temps accord\u00e9 \u00e0 m\u2019expliquer les diff\u00e9rentes facettes du m\u00e9tier. Leur accompagnement m\u2019a permis d\u2019\u00e9voluer dans un cadre motivant et inspirant. Cette immersion a \u00e9t\u00e9 une \u00e9tape cl\u00e9 dans mon orientation et je garderai un excellent souvenir de cette exp\u00e9rience.<\/p>\n<p>[\/et_pb_text][\/et_pb_column][\/et_pb_row][\/et_pb_section]<\/p>\n","protected":false},"excerpt":{"rendered":"<p>Rapport de stage03 \/ 02 \/ 2025\u00a0 au\u00a0 07 \/ 02 \/ 2025Introduction :L\u00e9andre Pivier Crousier \/ Copin (domaine de la communication)Le choix de ce lieu de stage s&#8217;est fait apr\u00e8s avoir d\u00e9couvert le site de l&#8217;agence COPIN lors de ma recherche. Ce dernier m&#8217;a particuli\u00e8rement attir\u00e9. J&#8217;ai alors pris contact avec l&#8217;agence, mais n&#8217;ayant [&hellip;]<\/p>\n","protected":false},"author":1,"featured_media":0,"parent":0,"menu_order":0,"comment_status":"closed","ping_status":"closed","template":"","meta":{"_et_pb_use_builder":"on","_et_pb_old_content":"","_et_gb_content_width":"","footnotes":""},"class_list":["post-13","page","type-page","status-publish","hentry"],"_links":{"self":[{"href":"https:\/\/leandrepiviercrousier.fr\/index.php?rest_route=\/wp\/v2\/pages\/13","targetHints":{"allow":["GET"]}}],"collection":[{"href":"https:\/\/leandrepiviercrousier.fr\/index.php?rest_route=\/wp\/v2\/pages"}],"about":[{"href":"https:\/\/leandrepiviercrousier.fr\/index.php?rest_route=\/wp\/v2\/types\/page"}],"author":[{"embeddable":true,"href":"https:\/\/leandrepiviercrousier.fr\/index.php?rest_route=\/wp\/v2\/users\/1"}],"replies":[{"embeddable":true,"href":"https:\/\/leandrepiviercrousier.fr\/index.php?rest_route=%2Fwp%2Fv2%2Fcomments&post=13"}],"version-history":[{"count":30,"href":"https:\/\/leandrepiviercrousier.fr\/index.php?rest_route=\/wp\/v2\/pages\/13\/revisions"}],"predecessor-version":[{"id":278,"href":"https:\/\/leandrepiviercrousier.fr\/index.php?rest_route=\/wp\/v2\/pages\/13\/revisions\/278"}],"wp:attachment":[{"href":"https:\/\/leandrepiviercrousier.fr\/index.php?rest_route=%2Fwp%2Fv2%2Fmedia&parent=13"}],"curies":[{"name":"wp","href":"https:\/\/api.w.org\/{rel}","templated":true}]}}